{"id":8,"date":"2018-05-13T06:39:49","date_gmt":"2018-05-13T03:39:49","guid":{"rendered":"http:\/\/eelim.fi\/?page_id=8"},"modified":"2025-11-03T11:03:31","modified_gmt":"2025-11-03T09:03:31","slug":"tietoja","status":"publish","type":"page","link":"https:\/\/eelim.fi\/index.php\/tietoja\/","title":{"rendered":"Seurakunta"},"content":{"rendered":"<p>Kangasniemen helluntaiseurakunta on n. 100 j\u00e4senen seurakunta. Olemme armollinen ja turvallinen seurakuntaperhe ja olet l\u00e4mpim\u00e4sti tervetullut kaikkeen toimintaamme, jota j\u00e4rjest\u00e4mme eri-ik\u00e4isille. Sunnuntain jumalanpalvelukset ovat tilaisuuksia, joissa koko seurakuntaperhe tulee yhteen kuuleman Raamatun sanaa ja laulamaan ja rukoilemaan yhdess\u00e4. Kuukauden ensimm\u00e4inen sunnuntai on ehtoolliskokous, jonka j\u00e4lkeen seurakunnassamme tarjotaan yleens\u00e4 lounas. Sunnuntain tilaisuudet j\u00e4rjest\u00e4mme Eelimill\u00e4 osoitteessa Kimarintie 5, yleens\u00e4 klo 11, mutta joskus iltap\u00e4iv\u00e4ll\u00e4. Katso <a href=\"https:\/\/eelim.fi\/index.php\/tulevat-tapahtumat\/\">tapahtumakalenterista<\/a> tarkemmat tiedot.<\/p>\n<p>Lapsille j\u00e4rjet\u00e4mme frendikerhon Keskustien toimipisteess\u00e4mme ositteessa Keskustie 2 (Tarinatuvalla) torstaisin klo 13:30-17:00 ja muuta toimintaa harvemmin. Voit tutustua lasten toimintaan tarkemmin <a href=\"https:\/\/eelim.fi\/index.php\/lapset\/\">t\u00e4st\u00e4 linkist\u00e4<\/a>. Nuorille j\u00e4rjest\u00e4mme nuorisokahvila Bunkkerin Eelimiss\u00e4 lauantaisin klo 18:00-21:00. <a href=\"https:\/\/eelim.fi\/index.php\/nuoret\/\">T\u00e4st\u00e4 linkist\u00e4<\/a> p\u00e4\u00e4set nuorten sivuille.<\/p>\n<p>Aikuisille j\u00e4rjest\u00e4mme <a href=\"https:\/\/eelim.fi\/index.php\/tarinatupa\/\">Tarinatuvan<\/a> (Keskustie 2) perjantaisin klo 10:15:00, jonne olet l\u00e4mpim\u00e4sti kahvittelemaan ja keskustelmaan.<\/p>\n<p>N\u00e4iden lis\u00e4ksi pid\u00e4mme rukousiltoja torstaisin klo 18:00 Tarinatuvalla ja l\u00e4hetyspiirin, joka toinen maanantai klo 14:00 samassa paikassa.<\/p>\n<p>Tilaisuutemme ovat avoimia kaikille, ja toivotamme jokaisen syd\u00e4mellisesti\u00a0tervetulleeksi tutustumaan toimintaamme sek\u00e4 liittym\u00e4\u00e4n osaksi seurakuntaperhett\u00e4mme.<\/p>\n","protected":false},"excerpt":{"rendered":"<p>Kangasniemen helluntaiseurakunta on n. 100 j\u00e4senen seurakunta. Olemme armollinen ja turvallinen seurakuntaperhe ja olet l\u00e4mpim\u00e4sti tervetullut kaikkeen toimintaamme, jota j\u00e4rjest\u00e4mme eri-ik\u00e4isille. Sunnuntain jumalanpalvelukset ovat tilaisuuksia, joissa koko seurakuntaperhe tulee yhteen &hellip; <\/p>\n<p class=\"link-more\"><a href=\"https:\/\/eelim.fi\/index.php\/tietoja\/\" class=\"more-link\">Jatka lukemista<span class=\"screen-reader-text\"> &#8221;Seurakunta&#8221;<\/span><\/a><\/p>\n","protected":false},"author":7,"featured_media":658,"parent":0,"menu_order":0,"comment_status":"closed","ping_status":"closed","template":"","meta":{"_monsterinsights_skip_tracking":false,"_monsterinsights_sitenote_active":false,"_monsterinsights_sitenote_note":"","_monsterinsights_sitenote_category":0,"footnotes":""},"class_list":["post-8","page","type-page","status-publish","has-post-thumbnail","hentry"],"yoast_head":"<!-- This site is optimized with the Yoast SEO plugin v25.9 - https:\/\/yoast.com\/wordpress\/plugins\/seo\/ -->\n<title>Seurakunta - Eelim<\/title>\n<meta name=\"robots\" content=\"index, follow, max-snippet:-1, max-image-preview:large, max-video-preview:-1\" \/>\n<link rel=\"canonical\" href=\"https:\/\/eelim.fi\/index.php\/tietoja\/\" \/>\n<meta property=\"og:locale\" content=\"fi_FI\" \/>\n<meta property=\"og:type\" content=\"article\" \/>\n<meta property=\"og:title\" content=\"Seurakunta - Eelim\" \/>\n<meta property=\"og:description\" content=\"Kangasniemen helluntaiseurakunta on n. 100 j\u00e4senen seurakunta. Olemme armollinen ja turvallinen seurakuntaperhe ja olet l\u00e4mpim\u00e4sti tervetullut kaikkeen toimintaamme, jota j\u00e4rjest\u00e4mme eri-ik\u00e4isille. Sunnuntain jumalanpalvelukset ovat tilaisuuksia, joissa koko seurakuntaperhe tulee yhteen &hellip; Jatka lukemista &quot;Seurakunta&quot;\" \/>\n<meta property=\"og:url\" content=\"https:\/\/eelim.fi\/index.php\/tietoja\/\" \/>\n<meta property=\"og:site_name\" content=\"Eelim\" \/>\n<meta property=\"article:modified_time\" content=\"2025-11-03T09:03:31+00:00\" \/>\n<meta property=\"og:image\" content=\"https:\/\/eelim.fi\/wp-content\/uploads\/2019\/01\/aaron-burden-58729-unsplash-e1526183742195.jpg\" \/>\n\t<meta property=\"og:image:width\" content=\"1280\" \/>\n\t<meta property=\"og:image:height\" content=\"961\" \/>\n\t<meta property=\"og:image:type\" content=\"image\/jpeg\" \/>\n<meta name=\"twitter:card\" content=\"summary_large_image\" \/>\n<meta name=\"twitter:label1\" content=\"Arvioitu lukuaika\" \/>\n\t<meta name=\"twitter:data1\" content=\"2 minuuttia\" \/>\n<script type=\"application\/ld+json\" class=\"yoast-schema-graph\">{\"@context\":\"https:\/\/schema.org\",\"@graph\":[{\"@type\":\"WebPage\",\"@id\":\"https:\/\/eelim.fi\/index.php\/tietoja\/\",\"url\":\"https:\/\/eelim.fi\/index.php\/tietoja\/\",\"name\":\"Seurakunta - Eelim\",\"isPartOf\":{\"@id\":\"https:\/\/eelim.fi\/#website\"},\"primaryImageOfPage\":{\"@id\":\"https:\/\/eelim.fi\/index.php\/tietoja\/#primaryimage\"},\"image\":{\"@id\":\"https:\/\/eelim.fi\/index.php\/tietoja\/#primaryimage\"},\"thumbnailUrl\":\"https:\/\/eelim.fi\/wp-content\/uploads\/2019\/01\/aaron-burden-58729-unsplash-e1526183742195.jpg\",\"datePublished\":\"2018-05-13T03:39:49+00:00\",\"dateModified\":\"2025-11-03T09:03:31+00:00\",\"breadcrumb\":{\"@id\":\"https:\/\/eelim.fi\/index.php\/tietoja\/#breadcrumb\"},\"inLanguage\":\"fi\",\"potentialAction\":[{\"@type\":\"ReadAction\",\"target\":[\"https:\/\/eelim.fi\/index.php\/tietoja\/\"]}]},{\"@type\":\"ImageObject\",\"inLanguage\":\"fi\",\"@id\":\"https:\/\/eelim.fi\/index.php\/tietoja\/#primaryimage\",\"url\":\"https:\/\/eelim.fi\/wp-content\/uploads\/2019\/01\/aaron-burden-58729-unsplash-e1526183742195.jpg\",\"contentUrl\":\"https:\/\/eelim.fi\/wp-content\/uploads\/2019\/01\/aaron-burden-58729-unsplash-e1526183742195.jpg\",\"width\":1280,\"height\":961},{\"@type\":\"BreadcrumbList\",\"@id\":\"https:\/\/eelim.fi\/index.php\/tietoja\/#breadcrumb\",\"itemListElement\":[{\"@type\":\"ListItem\",\"position\":1,\"name\":\"Home\",\"item\":\"https:\/\/eelim.fi\/\"},{\"@type\":\"ListItem\",\"position\":2,\"name\":\"Seurakunta\"}]},{\"@type\":\"WebSite\",\"@id\":\"https:\/\/eelim.fi\/#website\",\"url\":\"https:\/\/eelim.fi\/\",\"name\":\"Eelim\",\"description\":\"Kangasniemen helluntaiseurakunta\",\"potentialAction\":[{\"@type\":\"SearchAction\",\"target\":{\"@type\":\"EntryPoint\",\"urlTemplate\":\"https:\/\/eelim.fi\/?s={search_term_string}\"},\"query-input\":{\"@type\":\"PropertyValueSpecification\",\"valueRequired\":true,\"valueName\":\"search_term_string\"}}],\"inLanguage\":\"fi\"}]}<\/script>\n<!-- \/ Yoast SEO plugin. -->","yoast_head_json":{"title":"Seurakunta - Eelim","robots":{"index":"index","follow":"follow","max-snippet":"max-snippet:-1","max-image-preview":"max-image-preview:large","max-video-preview":"max-video-preview:-1"},"canonical":"https:\/\/eelim.fi\/index.php\/tietoja\/","og_locale":"fi_FI","og_type":"article","og_title":"Seurakunta - Eelim","og_description":"Kangasniemen helluntaiseurakunta on n. 100 j\u00e4senen seurakunta. Olemme armollinen ja turvallinen seurakuntaperhe ja olet l\u00e4mpim\u00e4sti tervetullut kaikkeen toimintaamme, jota j\u00e4rjest\u00e4mme eri-ik\u00e4isille. Sunnuntain jumalanpalvelukset ovat tilaisuuksia, joissa koko seurakuntaperhe tulee yhteen &hellip; Jatka lukemista \"Seurakunta\"","og_url":"https:\/\/eelim.fi\/index.php\/tietoja\/","og_site_name":"Eelim","article_modified_time":"2025-11-03T09:03:31+00:00","og_image":[{"width":1280,"height":961,"url":"https:\/\/eelim.fi\/wp-content\/uploads\/2019\/01\/aaron-burden-58729-unsplash-e1526183742195.jpg","type":"image\/jpeg"}],"twitter_card":"summary_large_image","twitter_misc":{"Arvioitu lukuaika":"2 minuuttia"},"schema":{"@context":"https:\/\/schema.org","@graph":[{"@type":"WebPage","@id":"https:\/\/eelim.fi\/index.php\/tietoja\/","url":"https:\/\/eelim.fi\/index.php\/tietoja\/","name":"Seurakunta - Eelim","isPartOf":{"@id":"https:\/\/eelim.fi\/#website"},"primaryImageOfPage":{"@id":"https:\/\/eelim.fi\/index.php\/tietoja\/#primaryimage"},"image":{"@id":"https:\/\/eelim.fi\/index.php\/tietoja\/#primaryimage"},"thumbnailUrl":"https:\/\/eelim.fi\/wp-content\/uploads\/2019\/01\/aaron-burden-58729-unsplash-e1526183742195.jpg","datePublished":"2018-05-13T03:39:49+00:00","dateModified":"2025-11-03T09:03:31+00:00","breadcrumb":{"@id":"https:\/\/eelim.fi\/index.php\/tietoja\/#breadcrumb"},"inLanguage":"fi","potentialAction":[{"@type":"ReadAction","target":["https:\/\/eelim.fi\/index.php\/tietoja\/"]}]},{"@type":"ImageObject","inLanguage":"fi","@id":"https:\/\/eelim.fi\/index.php\/tietoja\/#primaryimage","url":"https:\/\/eelim.fi\/wp-content\/uploads\/2019\/01\/aaron-burden-58729-unsplash-e1526183742195.jpg","contentUrl":"https:\/\/eelim.fi\/wp-content\/uploads\/2019\/01\/aaron-burden-58729-unsplash-e1526183742195.jpg","width":1280,"height":961},{"@type":"BreadcrumbList","@id":"https:\/\/eelim.fi\/index.php\/tietoja\/#breadcrumb","itemListElement":[{"@type":"ListItem","position":1,"name":"Home","item":"https:\/\/eelim.fi\/"},{"@type":"ListItem","position":2,"name":"Seurakunta"}]},{"@type":"WebSite","@id":"https:\/\/eelim.fi\/#website","url":"https:\/\/eelim.fi\/","name":"Eelim","description":"Kangasniemen helluntaiseurakunta","potentialAction":[{"@type":"SearchAction","target":{"@type":"EntryPoint","urlTemplate":"https:\/\/eelim.fi\/?s={search_term_string}"},"query-input":{"@type":"PropertyValueSpecification","valueRequired":true,"valueName":"search_term_string"}}],"inLanguage":"fi"}]}},"_links":{"self":[{"href":"https:\/\/eelim.fi\/index.php\/wp-json\/wp\/v2\/pages\/8","targetHints":{"allow":["GET"]}}],"collection":[{"href":"https:\/\/eelim.fi\/index.php\/wp-json\/wp\/v2\/pages"}],"about":[{"href":"https:\/\/eelim.fi\/index.php\/wp-json\/wp\/v2\/types\/page"}],"author":[{"embeddable":true,"href":"https:\/\/eelim.fi\/index.php\/wp-json\/wp\/v2\/users\/7"}],"replies":[{"embeddable":true,"href":"https:\/\/eelim.fi\/index.php\/wp-json\/wp\/v2\/comments?post=8"}],"version-history":[{"count":27,"href":"https:\/\/eelim.fi\/index.php\/wp-json\/wp\/v2\/pages\/8\/revisions"}],"predecessor-version":[{"id":3525,"href":"https:\/\/eelim.fi\/index.php\/wp-json\/wp\/v2\/pages\/8\/revisions\/3525"}],"wp:featuredmedia":[{"embeddable":true,"href":"https:\/\/eelim.fi\/index.php\/wp-json\/wp\/v2\/media\/658"}],"wp:attachment":[{"href":"https:\/\/eelim.fi\/index.php\/wp-json\/wp\/v2\/media?parent=8"}],"curies":[{"name":"wp","href":"https:\/\/api.w.org\/{rel}","templated":true}]}}