{"id":7,"date":"2018-05-13T06:39:49","date_gmt":"2018-05-13T03:39:49","guid":{"rendered":"http:\/\/eelim.fi\/?page_id=7"},"modified":"2026-02-26T15:13:57","modified_gmt":"2026-02-26T13:13:57","slug":"etusivu","status":"publish","type":"page","link":"https:\/\/eelim.fi\/","title":{"rendered":"Tervetuloa Eelimille"},"content":{"rendered":"<p>Tervetuloa tilaisuuksiimme! \u00a0J\u00e4rjest\u00e4m\u00e4mme tilaisuudet l\u00f6yd\u00e4t <a href=\"https:\/\/eelim.fi\/index.php\/tulevat-tapahtumat\/\">tapahtumakalenterista<\/a><\/p>\n<p>Jumalanpalveluksiamme \u00a0voit seurata my\u00f6s internetin v\u00e4lityksell\u00e4 <a href=\"https:\/\/www.youtube.com\/@eelimkangasniemi1559\">Youtube<\/a>-kanavamme kautta. L\u00e4het\u00e4mme kuukauden ensimm\u00e4isen sunnuntain tilaisuudet suorina<\/p>\n<p>L\u00f6yd\u00e4t meid\u00e4t my\u00f6s <a href=\"https:\/\/www.facebook.com\/Kangasniemenhelluntaisrk\/?ref=bookmarks\">Facebookista<\/a><\/p>\n<p>Seurakunnan pastorin tavoitat numerossa 0400 626 074<\/p>\n","protected":false},"excerpt":{"rendered":"<p>Tervetuloa tilaisuuksiimme! \u00a0J\u00e4rjest\u00e4m\u00e4mme tilaisuudet l\u00f6yd\u00e4t tapahtumakalenterista Jumalanpalveluksiamme \u00a0voit seurata my\u00f6s internetin v\u00e4lityksell\u00e4 Youtube-kanavamme kautta. L\u00e4het\u00e4mme kuukauden ensimm\u00e4isen sunnuntain tilaisuudet suorina L\u00f6yd\u00e4t meid\u00e4t my\u00f6s Facebookista Seurakunnan pastorin tavoitat numerossa 0400 626 &hellip; <\/p>\n<p class=\"link-more\"><a href=\"https:\/\/eelim.fi\/\" class=\"more-link\">Jatka lukemista<span class=\"screen-reader-text\"> &#8221;Tervetuloa Eelimille&#8221;<\/span><\/a><\/p>\n","protected":false},"author":7,"featured_media":0,"parent":0,"menu_order":0,"comment_status":"closed","ping_status":"closed","template":"","meta":{"_monsterinsights_skip_tracking":false,"_monsterinsights_sitenote_active":false,"_monsterinsights_sitenote_note":"","_monsterinsights_sitenote_category":0,"footnotes":""},"class_list":["post-7","page","type-page","status-publish","hentry"],"yoast_head":"<!-- This site is optimized with the Yoast SEO plugin v25.9 - https:\/\/yoast.com\/wordpress\/plugins\/seo\/ -->\n<title>Tervetuloa Eelimille - Eelim<\/title>\n<meta name=\"robots\" content=\"index, follow, max-snippet:-1, max-image-preview:large, max-video-preview:-1\" \/>\n<link rel=\"canonical\" href=\"https:\/\/eelim.fi\/\" \/>\n<meta property=\"og:locale\" content=\"fi_FI\" \/>\n<meta property=\"og:type\" content=\"article\" \/>\n<meta property=\"og:title\" content=\"Eelim - helluntaiseurakunta kangasniemell\u00e4\" \/>\n<meta property=\"og:description\" content=\"Seurakuntamme haluaa olla aidosti avoin, rakkaudellinen, hengellinen koti kaikille, jotka kaipaavat el\u00e4m\u00e4\u00e4ns\u00e4 Jumalan l\u00e4heisyytt\u00e4. Palvelemme jokaista ihmist\u00e4 Raamatun sanomalla Jeesuksen rakkautta ja todellisuutta v\u00e4litt\u00e4en. Tilaisuutemme ovat avoimia kaikille ja toivotamme jokaisen syd\u00e4mellisesti tervetulleeksi tutustumaan toimintaamme sek\u00e4 liittym\u00e4\u00e4n osaksi seurakuntaperhett\u00e4mme.\" \/>\n<meta property=\"og:url\" content=\"https:\/\/eelim.fi\/\" \/>\n<meta property=\"og:site_name\" content=\"Eelim\" \/>\n<meta property=\"article:modified_time\" content=\"2026-02-26T13:13:57+00:00\" \/>\n<meta name=\"twitter:card\" content=\"summary_large_image\" \/>\n<meta name=\"twitter:label1\" content=\"Arvioitu lukuaika\" \/>\n\t<meta name=\"twitter:data1\" content=\"1 minuutti\" \/>\n<script type=\"application\/ld+json\" class=\"yoast-schema-graph\">{\"@context\":\"https:\/\/schema.org\",\"@graph\":[{\"@type\":\"WebPage\",\"@id\":\"https:\/\/eelim.fi\/\",\"url\":\"https:\/\/eelim.fi\/\",\"name\":\"Tervetuloa Eelimille - Eelim\",\"isPartOf\":{\"@id\":\"https:\/\/eelim.fi\/#website\"},\"datePublished\":\"2018-05-13T03:39:49+00:00\",\"dateModified\":\"2026-02-26T13:13:57+00:00\",\"breadcrumb\":{\"@id\":\"https:\/\/eelim.fi\/#breadcrumb\"},\"inLanguage\":\"fi\",\"potentialAction\":[{\"@type\":\"ReadAction\",\"target\":[\"https:\/\/eelim.fi\/\"]}]},{\"@type\":\"BreadcrumbList\",\"@id\":\"https:\/\/eelim.fi\/#breadcrumb\",\"itemListElement\":[{\"@type\":\"ListItem\",\"position\":1,\"name\":\"Home\",\"item\":\"https:\/\/eelim.fi\/\"},{\"@type\":\"ListItem\",\"position\":2,\"name\":\"Tervetuloa Eelimille\"}]},{\"@type\":\"WebSite\",\"@id\":\"https:\/\/eelim.fi\/#website\",\"url\":\"https:\/\/eelim.fi\/\",\"name\":\"Eelim\",\"description\":\"Kangasniemen helluntaiseurakunta\",\"potentialAction\":[{\"@type\":\"SearchAction\",\"target\":{\"@type\":\"EntryPoint\",\"urlTemplate\":\"https:\/\/eelim.fi\/?s={search_term_string}\"},\"query-input\":{\"@type\":\"PropertyValueSpecification\",\"valueRequired\":true,\"valueName\":\"search_term_string\"}}],\"inLanguage\":\"fi\"}]}<\/script>\n<!-- \/ Yoast SEO plugin. -->","yoast_head_json":{"title":"Tervetuloa Eelimille - Eelim","robots":{"index":"index","follow":"follow","max-snippet":"max-snippet:-1","max-image-preview":"max-image-preview:large","max-video-preview":"max-video-preview:-1"},"canonical":"https:\/\/eelim.fi\/","og_locale":"fi_FI","og_type":"article","og_title":"Eelim - helluntaiseurakunta kangasniemell\u00e4","og_description":"Seurakuntamme haluaa olla aidosti avoin, rakkaudellinen, hengellinen koti kaikille, jotka kaipaavat el\u00e4m\u00e4\u00e4ns\u00e4 Jumalan l\u00e4heisyytt\u00e4. Palvelemme jokaista ihmist\u00e4 Raamatun sanomalla Jeesuksen rakkautta ja todellisuutta v\u00e4litt\u00e4en. Tilaisuutemme ovat avoimia kaikille ja toivotamme jokaisen syd\u00e4mellisesti tervetulleeksi tutustumaan toimintaamme sek\u00e4 liittym\u00e4\u00e4n osaksi seurakuntaperhett\u00e4mme.","og_url":"https:\/\/eelim.fi\/","og_site_name":"Eelim","article_modified_time":"2026-02-26T13:13:57+00:00","twitter_card":"summary_large_image","twitter_misc":{"Arvioitu lukuaika":"1 minuutti"},"schema":{"@context":"https:\/\/schema.org","@graph":[{"@type":"WebPage","@id":"https:\/\/eelim.fi\/","url":"https:\/\/eelim.fi\/","name":"Tervetuloa Eelimille - Eelim","isPartOf":{"@id":"https:\/\/eelim.fi\/#website"},"datePublished":"2018-05-13T03:39:49+00:00","dateModified":"2026-02-26T13:13:57+00:00","breadcrumb":{"@id":"https:\/\/eelim.fi\/#breadcrumb"},"inLanguage":"fi","potentialAction":[{"@type":"ReadAction","target":["https:\/\/eelim.fi\/"]}]},{"@type":"BreadcrumbList","@id":"https:\/\/eelim.fi\/#breadcrumb","itemListElement":[{"@type":"ListItem","position":1,"name":"Home","item":"https:\/\/eelim.fi\/"},{"@type":"ListItem","position":2,"name":"Tervetuloa Eelimille"}]},{"@type":"WebSite","@id":"https:\/\/eelim.fi\/#website","url":"https:\/\/eelim.fi\/","name":"Eelim","description":"Kangasniemen helluntaiseurakunta","potentialAction":[{"@type":"SearchAction","target":{"@type":"EntryPoint","urlTemplate":"https:\/\/eelim.fi\/?s={search_term_string}"},"query-input":{"@type":"PropertyValueSpecification","valueRequired":true,"valueName":"search_term_string"}}],"inLanguage":"fi"}]}},"_links":{"self":[{"href":"https:\/\/eelim.fi\/index.php\/wp-json\/wp\/v2\/pages\/7","targetHints":{"allow":["GET"]}}],"collection":[{"href":"https:\/\/eelim.fi\/index.php\/wp-json\/wp\/v2\/pages"}],"about":[{"href":"https:\/\/eelim.fi\/index.php\/wp-json\/wp\/v2\/types\/page"}],"author":[{"embeddable":true,"href":"https:\/\/eelim.fi\/index.php\/wp-json\/wp\/v2\/users\/7"}],"replies":[{"embeddable":true,"href":"https:\/\/eelim.fi\/index.php\/wp-json\/wp\/v2\/comments?post=7"}],"version-history":[{"count":74,"href":"https:\/\/eelim.fi\/index.php\/wp-json\/wp\/v2\/pages\/7\/revisions"}],"predecessor-version":[{"id":3547,"href":"https:\/\/eelim.fi\/index.php\/wp-json\/wp\/v2\/pages\/7\/revisions\/3547"}],"wp:attachment":[{"href":"https:\/\/eelim.fi\/index.php\/wp-json\/wp\/v2\/media?parent=7"}],"curies":[{"name":"wp","href":"https:\/\/api.w.org\/{rel}","templated":true}]}}