{"id":3513,"date":"2025-10-14T21:48:23","date_gmt":"2025-10-14T18:48:23","guid":{"rendered":"https:\/\/eelim.fi\/?page_id=3513"},"modified":"2026-01-11T13:15:26","modified_gmt":"2026-01-11T11:15:26","slug":"tarinatupa","status":"publish","type":"page","link":"https:\/\/eelim.fi\/index.php\/tarinatupa\/","title":{"rendered":"Tarinatupa"},"content":{"rendered":"<p><img loading=\"lazy\" decoding=\"async\" class=\"alignnone size-large wp-image-3540\" src=\"https:\/\/eelim.fi\/wp-content\/uploads\/2026\/01\/Poster-Sip-Savor-8-724x1024.png\" alt=\"\" width=\"525\" height=\"743\" srcset=\"https:\/\/eelim.fi\/wp-content\/uploads\/2026\/01\/Poster-Sip-Savor-8-724x1024.png 724w, https:\/\/eelim.fi\/wp-content\/uploads\/2026\/01\/Poster-Sip-Savor-8-212x300.png 212w, https:\/\/eelim.fi\/wp-content\/uploads\/2026\/01\/Poster-Sip-Savor-8-768x1086.png 768w, https:\/\/eelim.fi\/wp-content\/uploads\/2026\/01\/Poster-Sip-Savor-8-1086x1536.png 1086w, https:\/\/eelim.fi\/wp-content\/uploads\/2026\/01\/Poster-Sip-Savor-8-1448x2048.png 1448w, https:\/\/eelim.fi\/wp-content\/uploads\/2026\/01\/Poster-Sip-Savor-8.png 1587w\" sizes=\"auto, (max-width: 525px) 100vw, 525px\" \/><\/p>\n<p>Tarinatupa on kaikille avoin keskustelukahvila, joka on auki keskiviikkoisina klo 11-14 Keskustiell\u00e4. Aloitamme yhteisell\u00e4 hartaudella, hetkell\u00e4 Sanan \u00e4\u00e4rell\u00e4, jonka j\u00e4lkeen alkaa vapaa keskustelu ja kahvittelu. Tervetuloa mukaan!<\/p>\n","protected":false},"excerpt":{"rendered":"<p>Tarinatupa on kaikille avoin keskustelukahvila, joka on auki keskiviikkoisina klo 11-14 Keskustiell\u00e4. Aloitamme yhteisell\u00e4 hartaudella, hetkell\u00e4 Sanan \u00e4\u00e4rell\u00e4, jonka j\u00e4lkeen alkaa vapaa keskustelu ja kahvittelu. Tervetuloa mukaan!<\/p>\n","protected":false},"author":10,"featured_media":0,"parent":0,"menu_order":0,"comment_status":"closed","ping_status":"closed","template":"","meta":{"_monsterinsights_skip_tracking":false,"_monsterinsights_sitenote_active":false,"_monsterinsights_sitenote_note":"","_monsterinsights_sitenote_category":0,"footnotes":""},"class_list":["post-3513","page","type-page","status-publish","hentry"],"yoast_head":"<!-- This site is optimized with the Yoast SEO plugin v25.9 - https:\/\/yoast.com\/wordpress\/plugins\/seo\/ -->\n<title>Tarinatupa - Eelim<\/title>\n<meta name=\"robots\" content=\"index, follow, max-snippet:-1, max-image-preview:large, max-video-preview:-1\" \/>\n<link rel=\"canonical\" href=\"https:\/\/eelim.fi\/index.php\/tarinatupa\/\" \/>\n<meta property=\"og:locale\" content=\"fi_FI\" \/>\n<meta property=\"og:type\" content=\"article\" \/>\n<meta property=\"og:title\" content=\"Tarinatupa - Eelim\" \/>\n<meta property=\"og:description\" content=\"Tarinatupa on kaikille avoin keskustelukahvila, joka on auki keskiviikkoisina klo 11-14 Keskustiell\u00e4. Aloitamme yhteisell\u00e4 hartaudella, hetkell\u00e4 Sanan \u00e4\u00e4rell\u00e4, jonka j\u00e4lkeen alkaa vapaa keskustelu ja kahvittelu. Tervetuloa mukaan!\" \/>\n<meta property=\"og:url\" content=\"https:\/\/eelim.fi\/index.php\/tarinatupa\/\" \/>\n<meta property=\"og:site_name\" content=\"Eelim\" \/>\n<meta property=\"article:modified_time\" content=\"2026-01-11T11:15:26+00:00\" \/>\n<meta property=\"og:image\" content=\"https:\/\/eelim.fi\/wp-content\/uploads\/2026\/01\/Poster-Sip-Savor-8.png\" \/>\n\t<meta property=\"og:image:width\" content=\"1587\" \/>\n\t<meta property=\"og:image:height\" content=\"2245\" \/>\n\t<meta property=\"og:image:type\" content=\"image\/png\" \/>\n<meta name=\"twitter:card\" content=\"summary_large_image\" \/>\n<meta name=\"twitter:label1\" content=\"Arvioitu lukuaika\" \/>\n\t<meta name=\"twitter:data1\" content=\"1 minuutti\" \/>\n<script type=\"application\/ld+json\" class=\"yoast-schema-graph\">{\"@context\":\"https:\/\/schema.org\",\"@graph\":[{\"@type\":\"WebPage\",\"@id\":\"https:\/\/eelim.fi\/index.php\/tarinatupa\/\",\"url\":\"https:\/\/eelim.fi\/index.php\/tarinatupa\/\",\"name\":\"Tarinatupa - Eelim\",\"isPartOf\":{\"@id\":\"https:\/\/eelim.fi\/#website\"},\"primaryImageOfPage\":{\"@id\":\"https:\/\/eelim.fi\/index.php\/tarinatupa\/#primaryimage\"},\"image\":{\"@id\":\"https:\/\/eelim.fi\/index.php\/tarinatupa\/#primaryimage\"},\"thumbnailUrl\":\"https:\/\/eelim.fi\/wp-content\/uploads\/2026\/01\/Poster-Sip-Savor-8-724x1024.png\",\"datePublished\":\"2025-10-14T18:48:23+00:00\",\"dateModified\":\"2026-01-11T11:15:26+00:00\",\"breadcrumb\":{\"@id\":\"https:\/\/eelim.fi\/index.php\/tarinatupa\/#breadcrumb\"},\"inLanguage\":\"fi\",\"potentialAction\":[{\"@type\":\"ReadAction\",\"target\":[\"https:\/\/eelim.fi\/index.php\/tarinatupa\/\"]}]},{\"@type\":\"ImageObject\",\"inLanguage\":\"fi\",\"@id\":\"https:\/\/eelim.fi\/index.php\/tarinatupa\/#primaryimage\",\"url\":\"https:\/\/eelim.fi\/wp-content\/uploads\/2026\/01\/Poster-Sip-Savor-8.png\",\"contentUrl\":\"https:\/\/eelim.fi\/wp-content\/uploads\/2026\/01\/Poster-Sip-Savor-8.png\",\"width\":1587,\"height\":2245},{\"@type\":\"BreadcrumbList\",\"@id\":\"https:\/\/eelim.fi\/index.php\/tarinatupa\/#breadcrumb\",\"itemListElement\":[{\"@type\":\"ListItem\",\"position\":1,\"name\":\"Home\",\"item\":\"https:\/\/eelim.fi\/\"},{\"@type\":\"ListItem\",\"position\":2,\"name\":\"Tarinatupa\"}]},{\"@type\":\"WebSite\",\"@id\":\"https:\/\/eelim.fi\/#website\",\"url\":\"https:\/\/eelim.fi\/\",\"name\":\"Eelim\",\"description\":\"Kangasniemen helluntaiseurakunta\",\"potentialAction\":[{\"@type\":\"SearchAction\",\"target\":{\"@type\":\"EntryPoint\",\"urlTemplate\":\"https:\/\/eelim.fi\/?s={search_term_string}\"},\"query-input\":{\"@type\":\"PropertyValueSpecification\",\"valueRequired\":true,\"valueName\":\"search_term_string\"}}],\"inLanguage\":\"fi\"}]}<\/script>\n<!-- \/ Yoast SEO plugin. -->","yoast_head_json":{"title":"Tarinatupa - Eelim","robots":{"index":"index","follow":"follow","max-snippet":"max-snippet:-1","max-image-preview":"max-image-preview:large","max-video-preview":"max-video-preview:-1"},"canonical":"https:\/\/eelim.fi\/index.php\/tarinatupa\/","og_locale":"fi_FI","og_type":"article","og_title":"Tarinatupa - Eelim","og_description":"Tarinatupa on kaikille avoin keskustelukahvila, joka on auki keskiviikkoisina klo 11-14 Keskustiell\u00e4. Aloitamme yhteisell\u00e4 hartaudella, hetkell\u00e4 Sanan \u00e4\u00e4rell\u00e4, jonka j\u00e4lkeen alkaa vapaa keskustelu ja kahvittelu. Tervetuloa mukaan!","og_url":"https:\/\/eelim.fi\/index.php\/tarinatupa\/","og_site_name":"Eelim","article_modified_time":"2026-01-11T11:15:26+00:00","og_image":[{"width":1587,"height":2245,"url":"https:\/\/eelim.fi\/wp-content\/uploads\/2026\/01\/Poster-Sip-Savor-8.png","type":"image\/png"}],"twitter_card":"summary_large_image","twitter_misc":{"Arvioitu lukuaika":"1 minuutti"},"schema":{"@context":"https:\/\/schema.org","@graph":[{"@type":"WebPage","@id":"https:\/\/eelim.fi\/index.php\/tarinatupa\/","url":"https:\/\/eelim.fi\/index.php\/tarinatupa\/","name":"Tarinatupa - Eelim","isPartOf":{"@id":"https:\/\/eelim.fi\/#website"},"primaryImageOfPage":{"@id":"https:\/\/eelim.fi\/index.php\/tarinatupa\/#primaryimage"},"image":{"@id":"https:\/\/eelim.fi\/index.php\/tarinatupa\/#primaryimage"},"thumbnailUrl":"https:\/\/eelim.fi\/wp-content\/uploads\/2026\/01\/Poster-Sip-Savor-8-724x1024.png","datePublished":"2025-10-14T18:48:23+00:00","dateModified":"2026-01-11T11:15:26+00:00","breadcrumb":{"@id":"https:\/\/eelim.fi\/index.php\/tarinatupa\/#breadcrumb"},"inLanguage":"fi","potentialAction":[{"@type":"ReadAction","target":["https:\/\/eelim.fi\/index.php\/tarinatupa\/"]}]},{"@type":"ImageObject","inLanguage":"fi","@id":"https:\/\/eelim.fi\/index.php\/tarinatupa\/#primaryimage","url":"https:\/\/eelim.fi\/wp-content\/uploads\/2026\/01\/Poster-Sip-Savor-8.png","contentUrl":"https:\/\/eelim.fi\/wp-content\/uploads\/2026\/01\/Poster-Sip-Savor-8.png","width":1587,"height":2245},{"@type":"BreadcrumbList","@id":"https:\/\/eelim.fi\/index.php\/tarinatupa\/#breadcrumb","itemListElement":[{"@type":"ListItem","position":1,"name":"Home","item":"https:\/\/eelim.fi\/"},{"@type":"ListItem","position":2,"name":"Tarinatupa"}]},{"@type":"WebSite","@id":"https:\/\/eelim.fi\/#website","url":"https:\/\/eelim.fi\/","name":"Eelim","description":"Kangasniemen helluntaiseurakunta","potentialAction":[{"@type":"SearchAction","target":{"@type":"EntryPoint","urlTemplate":"https:\/\/eelim.fi\/?s={search_term_string}"},"query-input":{"@type":"PropertyValueSpecification","valueRequired":true,"valueName":"search_term_string"}}],"inLanguage":"fi"}]}},"_links":{"self":[{"href":"https:\/\/eelim.fi\/index.php\/wp-json\/wp\/v2\/pages\/3513","targetHints":{"allow":["GET"]}}],"collection":[{"href":"https:\/\/eelim.fi\/index.php\/wp-json\/wp\/v2\/pages"}],"about":[{"href":"https:\/\/eelim.fi\/index.php\/wp-json\/wp\/v2\/types\/page"}],"author":[{"embeddable":true,"href":"https:\/\/eelim.fi\/index.php\/wp-json\/wp\/v2\/users\/10"}],"replies":[{"embeddable":true,"href":"https:\/\/eelim.fi\/index.php\/wp-json\/wp\/v2\/comments?post=3513"}],"version-history":[{"count":3,"href":"https:\/\/eelim.fi\/index.php\/wp-json\/wp\/v2\/pages\/3513\/revisions"}],"predecessor-version":[{"id":3541,"href":"https:\/\/eelim.fi\/index.php\/wp-json\/wp\/v2\/pages\/3513\/revisions\/3541"}],"wp:attachment":[{"href":"https:\/\/eelim.fi\/index.php\/wp-json\/wp\/v2\/media?parent=3513"}],"curies":[{"name":"wp","href":"https:\/\/api.w.org\/{rel}","templated":true}]}}